{"id":1102,"date":"2023-03-26T16:50:29","date_gmt":"2023-03-26T14:50:29","guid":{"rendered":"http:\/\/brevka.eu\/?page_id=1102"},"modified":"2023-03-26T17:52:40","modified_gmt":"2023-03-26T15:52:40","slug":"regulacja-brwi-meskich","status":"publish","type":"page","link":"http:\/\/brevka.eu\/index.php\/regulacja-brwi-meskich\/","title":{"rendered":"Regulacja brwi m\u0119skich"},"content":{"rendered":"\t\t<div data-elementor-type=\"wp-page\" data-elementor-id=\"1102\" class=\"elementor elementor-1102\">\n\t\t\t\t\t\t\t\t\t<section class=\"elementor-section elementor-top-section elementor-element elementor-element-30c8c918 elementor-section-stretched elementor-section-boxed elementor-section-height-default elementor-section-height-default elementor-invisible\" data-id=\"30c8c918\" data-element_type=\"section\" data-settings=\"{&quot;stretch_section&quot;:&quot;section-stretched&quot;,&quot;background_background&quot;:&quot;classic&quot;,&quot;animation&quot;:&quot;fadeIn&quot;,&quot;animation_delay&quot;:100}\">\n\t\t\t\t\t\t\t<div class=\"elementor-background-overlay\"><\/div>\n\t\t\t\t\t\t\t<div class=\"elementor-container elementor-column-gap-default\">\n\t\t\t\t\t<div class=\"elementor-column elementor-col-100 elementor-top-column elementor-element elementor-element-5585b419\" data-id=\"5585b419\" data-element_type=\"column\">\n\t\t\t<div class=\"elementor-widget-wrap elementor-element-populated\">\n\t\t\t\t\t\t\t\t<div class=\"elementor-element elementor-element-1573823a elementor-widget elementor-widget-heading\" data-id=\"1573823a\" data-element_type=\"widget\" data-widget_type=\"heading.default\">\n\t\t\t\t<div class=\"elementor-widget-container\">\n\t\t\t<style>\/*! elementor - v3.9.2 - 21-12-2022 *\/\n.elementor-heading-title{padding:0;margin:0;line-height:1}.elementor-widget-heading .elementor-heading-title[class*=elementor-size-]>a{color:inherit;font-size:inherit;line-height:inherit}.elementor-widget-heading .elementor-heading-title.elementor-size-small{font-size:15px}.elementor-widget-heading .elementor-heading-title.elementor-size-medium{font-size:19px}.elementor-widget-heading .elementor-heading-title.elementor-size-large{font-size:29px}.elementor-widget-heading .elementor-heading-title.elementor-size-xl{font-size:39px}.elementor-widget-heading .elementor-heading-title.elementor-size-xxl{font-size:59px}<\/style><h2 class=\"elementor-heading-title elementor-size-default\">2. Regulacja brwi m\u0119skich<\/h2>\t\t<\/div>\n\t\t\t\t<\/div>\n\t\t\t\t\t<\/div>\n\t\t<\/div>\n\t\t\t\t\t\t\t<\/div>\n\t\t<\/section>\n\t\t\t\t<section class=\"elementor-section elementor-top-section elementor-element elementor-element-650e948d elementor-section-stretched elementor-section-boxed elementor-section-height-default elementor-section-height-default\" data-id=\"650e948d\" data-element_type=\"section\" data-settings=\"{&quot;stretch_section&quot;:&quot;section-stretched&quot;}\">\n\t\t\t\t\t\t<div class=\"elementor-container elementor-column-gap-default\">\n\t\t\t\t\t<div class=\"elementor-column elementor-col-100 elementor-top-column elementor-element elementor-element-23d1377c\" data-id=\"23d1377c\" data-element_type=\"column\">\n\t\t\t<div class=\"elementor-widget-wrap elementor-element-populated\">\n\t\t\t\t\t\t\t\t<div class=\"elementor-element elementor-element-225a7a8b animated-slow elementor-invisible elementor-widget elementor-widget-image\" data-id=\"225a7a8b\" data-element_type=\"widget\" data-settings=\"{&quot;_animation&quot;:&quot;fadeIn&quot;,&quot;_animation_delay&quot;:200}\" data-widget_type=\"image.default\">\n\t\t\t\t<div class=\"elementor-widget-container\">\n\t\t\t<style>\/*! elementor - v3.9.2 - 21-12-2022 *\/\n.elementor-widget-image{text-align:center}.elementor-widget-image a{display:inline-block}.elementor-widget-image a img[src$=\".svg\"]{width:48px}.elementor-widget-image img{vertical-align:middle;display:inline-block}<\/style>\t\t\t\t\t\t\t\t\t\t\t\t<img loading=\"lazy\" decoding=\"async\" width=\"950\" height=\"330\" src=\"http:\/\/brevka.eu\/wp-content\/uploads\/2023\/03\/brevka_uslugi_regulacja_brwi_03-1024x356.jpg\" class=\"attachment-large size-large wp-image-875\" alt=\"\" srcset=\"http:\/\/brevka.eu\/wp-content\/uploads\/2023\/03\/brevka_uslugi_regulacja_brwi_03-1024x356.jpg 1024w, http:\/\/brevka.eu\/wp-content\/uploads\/2023\/03\/brevka_uslugi_regulacja_brwi_03-300x104.jpg 300w, http:\/\/brevka.eu\/wp-content\/uploads\/2023\/03\/brevka_uslugi_regulacja_brwi_03-768x267.jpg 768w, http:\/\/brevka.eu\/wp-content\/uploads\/2023\/03\/brevka_uslugi_regulacja_brwi_03.jpg 1350w\" sizes=\"auto, 100vw\" \/>\t\t\t\t\t\t\t\t\t\t\t\t\t\t\t<\/div>\n\t\t\t\t<\/div>\n\t\t\t\t\t<\/div>\n\t\t<\/div>\n\t\t\t\t\t\t\t<\/div>\n\t\t<\/section>\n\t\t\t\t<section class=\"elementor-section elementor-top-section elementor-element elementor-element-3871db73 elementor-section-stretched elementor-section-boxed elementor-section-height-default elementor-section-height-default\" data-id=\"3871db73\" data-element_type=\"section\" data-settings=\"{&quot;stretch_section&quot;:&quot;section-stretched&quot;}\">\n\t\t\t\t\t\t<div class=\"elementor-container elementor-column-gap-default\">\n\t\t\t\t\t<div class=\"elementor-column elementor-col-50 elementor-top-column elementor-element elementor-element-3c6fcea8\" data-id=\"3c6fcea8\" data-element_type=\"column\">\n\t\t\t<div class=\"elementor-widget-wrap elementor-element-populated\">\n\t\t\t\t\t\t\t\t<div class=\"elementor-element elementor-element-1e1fe18b elementor-invisible elementor-widget elementor-widget-text-editor\" data-id=\"1e1fe18b\" data-element_type=\"widget\" data-settings=\"{&quot;_animation&quot;:&quot;fadeInDown&quot;,&quot;_animation_delay&quot;:100}\" data-widget_type=\"text-editor.default\">\n\t\t\t\t<div class=\"elementor-widget-container\">\n\t\t\t<style>\/*! elementor - v3.9.2 - 21-12-2022 *\/\n.elementor-widget-text-editor.elementor-drop-cap-view-stacked .elementor-drop-cap{background-color:#818a91;color:#fff}.elementor-widget-text-editor.elementor-drop-cap-view-framed .elementor-drop-cap{color:#818a91;border:3px solid;background-color:transparent}.elementor-widget-text-editor:not(.elementor-drop-cap-view-default) .elementor-drop-cap{margin-top:8px}.elementor-widget-text-editor:not(.elementor-drop-cap-view-default) .elementor-drop-cap-letter{width:1em;height:1em}.elementor-widget-text-editor .elementor-drop-cap{float:left;text-align:center;line-height:1;font-size:50px}.elementor-widget-text-editor .elementor-drop-cap-letter{display:inline-block}<\/style>\t\t\t\t<p><strong>Co\u015b dla<\/strong><b> Pan\u00f3w, czyli\u00a0 \u201eRegulacja brwi m\u0119skich\u201d<\/b><br \/><b>Pe\u0142na us\u0142uga zawiera:<\/b><\/p><ul><li>peeling brwi<\/li><li>geometri\u0119 brwi<\/li><li>regulacj\u0119 brwi<\/li><li>na\u0142o\u017cenie kremu po depilacji<\/li><li>wyg\u0142adzenie brwi olejkiem od\u017cywczym<\/li><\/ul>\t\t\t\t\t\t<\/div>\n\t\t\t\t<\/div>\n\t\t\t\t<div class=\"elementor-element elementor-element-2566269e elementor-invisible elementor-widget elementor-widget-text-editor\" data-id=\"2566269e\" data-element_type=\"widget\" data-settings=\"{&quot;_animation&quot;:&quot;fadeInUp&quot;,&quot;_animation_delay&quot;:200}\" data-widget_type=\"text-editor.default\">\n\t\t\t\t<div class=\"elementor-widget-container\">\n\t\t\t\t\t\t\t<p>Regulowanie brwi u m\u0119\u017cczyzn wykonywane jest za pomoc\u0105 p\u0119sety, wosku, trymera b\u0105d\u017a lasera. Woskowanie polega na depilacji brwi do po\u017c\u0105danego kszta\u0142tu za pomoc\u0105 p\u0142ynnego wosku na\u0142o\u017conego na kawa\u0142ek bibu\u0142ki. Przykleja si\u0119 go do ow\u0142osionego fragmentu sk\u00f3ry, a nast\u0119pnie odrywa wraz z w\u0142osami.<\/p>\t\t\t\t\t\t<\/div>\n\t\t\t\t<\/div>\n\t\t\t\t<div class=\"elementor-element elementor-element-7009d6db elementor-invisible elementor-widget elementor-widget-text-editor\" data-id=\"7009d6db\" data-element_type=\"widget\" data-settings=\"{&quot;_animation&quot;:&quot;fadeIn&quot;,&quot;_animation_delay&quot;:600}\" data-widget_type=\"text-editor.default\">\n\t\t\t\t<div class=\"elementor-widget-container\">\n\t\t\t\t\t\t\t<p><b>Czas trwania zabiegu: 30 minut<br>Stylizacj\u0119 zaleca si\u0119 co 3 tygodnie<\/b><\/p>\t\t\t\t\t\t<\/div>\n\t\t\t\t<\/div>\n\t\t\t\t<div class=\"elementor-element elementor-element-206e6223 animated-slow elementor-invisible elementor-widget elementor-widget-image\" data-id=\"206e6223\" data-element_type=\"widget\" data-settings=\"{&quot;_animation&quot;:&quot;fadeIn&quot;,&quot;_animation_delay&quot;:300}\" data-widget_type=\"image.default\">\n\t\t\t\t<div class=\"elementor-widget-container\">\n\t\t\t\t\t\t\t\t\t\t\t\t\t\t\t\t<a href=\"http:\/\/brevka.eu\/index.php\/umow-wizyte\/\">\n\t\t\t\t\t\t\t<img loading=\"lazy\" decoding=\"async\" width=\"500\" height=\"50\" src=\"http:\/\/brevka.eu\/wp-content\/uploads\/2023\/03\/brevka_booksy_umow_wizyte.png\" class=\"attachment-large size-large wp-image-879\" alt=\"\" srcset=\"http:\/\/brevka.eu\/wp-content\/uploads\/2023\/03\/brevka_booksy_umow_wizyte.png 500w, http:\/\/brevka.eu\/wp-content\/uploads\/2023\/03\/brevka_booksy_umow_wizyte-300x30.png 300w\" sizes=\"auto, 100vw\" \/>\t\t\t\t\t\t\t\t<\/a>\n\t\t\t\t\t\t\t\t\t\t\t\t\t\t\t<\/div>\n\t\t\t\t<\/div>\n\t\t\t\t\t<\/div>\n\t\t<\/div>\n\t\t\t\t<div class=\"elementor-column elementor-col-50 elementor-top-column elementor-element elementor-element-4bb01cf\" data-id=\"4bb01cf\" data-element_type=\"column\">\n\t\t\t<div class=\"elementor-widget-wrap elementor-element-populated\">\n\t\t\t\t\t\t\t\t<div class=\"elementor-element elementor-element-5f0d79dc animated-slow elementor-invisible elementor-widget elementor-widget-image\" data-id=\"5f0d79dc\" data-element_type=\"widget\" data-settings=\"{&quot;_animation&quot;:&quot;fadeIn&quot;,&quot;_animation_delay&quot;:100}\" data-widget_type=\"image.default\">\n\t\t\t\t<div class=\"elementor-widget-container\">\n\t\t\t\t\t\t\t\t\t\t\t\t\t\t\t<img loading=\"lazy\" decoding=\"async\" width=\"950\" height=\"957\" src=\"http:\/\/brevka.eu\/wp-content\/uploads\/2023\/03\/brevka_uslugi_regulacja_brwi_02-1017x1024.jpg\" class=\"attachment-large size-large wp-image-871\" alt=\"\" srcset=\"http:\/\/brevka.eu\/wp-content\/uploads\/2023\/03\/brevka_uslugi_regulacja_brwi_02-1017x1024.jpg 1017w, http:\/\/brevka.eu\/wp-content\/uploads\/2023\/03\/brevka_uslugi_regulacja_brwi_02-298x300.jpg 298w, http:\/\/brevka.eu\/wp-content\/uploads\/2023\/03\/brevka_uslugi_regulacja_brwi_02-150x150.jpg 150w, http:\/\/brevka.eu\/wp-content\/uploads\/2023\/03\/brevka_uslugi_regulacja_brwi_02-768x773.jpg 768w, http:\/\/brevka.eu\/wp-content\/uploads\/2023\/03\/brevka_uslugi_regulacja_brwi_02.jpg 1311w\" sizes=\"auto, 100vw\" \/>\t\t\t\t\t\t\t\t\t\t\t\t\t\t\t<\/div>\n\t\t\t\t<\/div>\n\t\t\t\t\t<\/div>\n\t\t<\/div>\n\t\t\t\t\t\t\t<\/div>\n\t\t<\/section>\n\t\t\t\t<section class=\"elementor-section elementor-top-section elementor-element elementor-element-7b82623 elementor-section-stretched elementor-section-boxed elementor-section-height-default elementor-section-height-default\" data-id=\"7b82623\" data-element_type=\"section\" data-settings=\"{&quot;stretch_section&quot;:&quot;section-stretched&quot;}\">\n\t\t\t\t\t\t<div class=\"elementor-container elementor-column-gap-default\">\n\t\t\t\t\t<div class=\"elementor-column elementor-col-100 elementor-top-column elementor-element elementor-element-707c462\" data-id=\"707c462\" data-element_type=\"column\">\n\t\t\t<div class=\"elementor-widget-wrap elementor-element-populated\">\n\t\t\t\t\t\t\t\t<div class=\"elementor-element elementor-element-55e7740 elementor-widget-divider--view-line elementor-widget elementor-widget-divider\" data-id=\"55e7740\" data-element_type=\"widget\" data-widget_type=\"divider.default\">\n\t\t\t\t<div class=\"elementor-widget-container\">\n\t\t\t<style>\/*! elementor - v3.9.2 - 21-12-2022 *\/\n.elementor-widget-divider{--divider-border-style:none;--divider-border-width:1px;--divider-color:#2c2c2c;--divider-icon-size:20px;--divider-element-spacing:10px;--divider-pattern-height:24px;--divider-pattern-size:20px;--divider-pattern-url:none;--divider-pattern-repeat:repeat-x}.elementor-widget-divider .elementor-divider{display:flex}.elementor-widget-divider .elementor-divider__text{font-size:15px;line-height:1;max-width:95%}.elementor-widget-divider .elementor-divider__element{margin:0 var(--divider-element-spacing);flex-shrink:0}.elementor-widget-divider .elementor-icon{font-size:var(--divider-icon-size)}.elementor-widget-divider .elementor-divider-separator{display:flex;margin:0;direction:ltr}.elementor-widget-divider--view-line_icon .elementor-divider-separator,.elementor-widget-divider--view-line_text .elementor-divider-separator{align-items:center}.elementor-widget-divider--view-line_icon .elementor-divider-separator:after,.elementor-widget-divider--view-line_icon .elementor-divider-separator:before,.elementor-widget-divider--view-line_text .elementor-divider-separator:after,.elementor-widget-divider--view-line_text .elementor-divider-separator:before{display:block;content:\"\";border-bottom:0;flex-grow:1;border-top:var(--divider-border-width) var(--divider-border-style) var(--divider-color)}.elementor-widget-divider--element-align-left .elementor-divider .elementor-divider-separator>.elementor-divider__svg:first-of-type{flex-grow:0;flex-shrink:100}.elementor-widget-divider--element-align-left .elementor-divider-separator:before{content:none}.elementor-widget-divider--element-align-left .elementor-divider__element{margin-left:0}.elementor-widget-divider--element-align-right .elementor-divider .elementor-divider-separator>.elementor-divider__svg:last-of-type{flex-grow:0;flex-shrink:100}.elementor-widget-divider--element-align-right .elementor-divider-separator:after{content:none}.elementor-widget-divider--element-align-right .elementor-divider__element{margin-right:0}.elementor-widget-divider:not(.elementor-widget-divider--view-line_text):not(.elementor-widget-divider--view-line_icon) .elementor-divider-separator{border-top:var(--divider-border-width) var(--divider-border-style) var(--divider-color)}.elementor-widget-divider--separator-type-pattern{--divider-border-style:none}.elementor-widget-divider--separator-type-pattern.elementor-widget-divider--view-line .elementor-divider-separator,.elementor-widget-divider--separator-type-pattern:not(.elementor-widget-divider--view-line) .elementor-divider-separator:after,.elementor-widget-divider--separator-type-pattern:not(.elementor-widget-divider--view-line) .elementor-divider-separator:before,.elementor-widget-divider--separator-type-pattern:not([class*=elementor-widget-divider--view]) .elementor-divider-separator{width:100%;min-height:var(--divider-pattern-height);-webkit-mask-size:var(--divider-pattern-size) 100%;mask-size:var(--divider-pattern-size) 100%;-webkit-mask-repeat:var(--divider-pattern-repeat);mask-repeat:var(--divider-pattern-repeat);background-color:var(--divider-color);-webkit-mask-image:var(--divider-pattern-url);mask-image:var(--divider-pattern-url)}.elementor-widget-divider--no-spacing{--divider-pattern-size:auto}.elementor-widget-divider--bg-round{--divider-pattern-repeat:round}.rtl .elementor-widget-divider .elementor-divider__text{direction:rtl}.e-con-inner>.elementor-widget-divider,.e-con>.elementor-widget-divider{width:var(--container-widget-width);--flex-grow:var(--container-widget-flex-grow)}<\/style>\t\t<div class=\"elementor-divider\">\n\t\t\t<span class=\"elementor-divider-separator\">\n\t\t\t\t\t\t<\/span>\n\t\t<\/div>\n\t\t\t\t<\/div>\n\t\t\t\t<\/div>\n\t\t\t\t\t<\/div>\n\t\t<\/div>\n\t\t\t\t\t\t\t<\/div>\n\t\t<\/section>\n\t\t\t\t<section class=\"elementor-section elementor-top-section elementor-element elementor-element-8502f1b elementor-section-stretched elementor-section-boxed elementor-section-height-default elementor-section-height-default\" data-id=\"8502f1b\" data-element_type=\"section\" data-settings=\"{&quot;stretch_section&quot;:&quot;section-stretched&quot;}\">\n\t\t\t\t\t\t<div class=\"elementor-container elementor-column-gap-default\">\n\t\t\t\t\t<div class=\"elementor-column elementor-col-50 elementor-top-column elementor-element elementor-element-16bea59\" data-id=\"16bea59\" data-element_type=\"column\">\n\t\t\t<div class=\"elementor-widget-wrap elementor-element-populated\">\n\t\t\t\t\t\t\t\t<div class=\"elementor-element elementor-element-733aff7 elementor-invisible elementor-widget elementor-widget-text-editor\" data-id=\"733aff7\" data-element_type=\"widget\" data-settings=\"{&quot;_animation&quot;:&quot;fadeInUp&quot;,&quot;_animation_delay&quot;:200}\" data-widget_type=\"text-editor.default\">\n\t\t\t\t<div class=\"elementor-widget-container\">\n\t\t\t\t\t\t\t<div><b>Wybierz us\u0142ug\u0119 i zapoznaj si\u0119 z jej szczeg\u00f3\u0142ami:<\/b><\/div>\t\t\t\t\t\t<\/div>\n\t\t\t\t<\/div>\n\t\t\t\t<div class=\"elementor-element elementor-element-69a6746 elementor-align-center elementor-widget elementor-widget-button\" data-id=\"69a6746\" data-element_type=\"widget\" data-widget_type=\"button.default\">\n\t\t\t\t<div class=\"elementor-widget-container\">\n\t\t\t\t\t<div class=\"elementor-button-wrapper\">\n\t\t\t<a href=\"index.php\/regulacja-brwi\/\" class=\"elementor-button-link elementor-button elementor-size-sm\" role=\"button\">\n\t\t\t\t\t\t<span class=\"elementor-button-content-wrapper\">\n\t\t\t\t\t\t<span class=\"elementor-button-text\">1. Regulacja brwi<\/span>\n\t\t<\/span>\n\t\t\t\t\t<\/a>\n\t\t<\/div>\n\t\t\t\t<\/div>\n\t\t\t\t<\/div>\n\t\t\t\t<div class=\"elementor-element elementor-element-38af3f5 elementor-align-center elementor-widget elementor-widget-button\" data-id=\"38af3f5\" data-element_type=\"widget\" data-widget_type=\"button.default\">\n\t\t\t\t<div class=\"elementor-widget-container\">\n\t\t\t\t\t<div class=\"elementor-button-wrapper\">\n\t\t\t<a href=\"index.php\/regulacja-brwi-meskich\/\" class=\"elementor-button-link elementor-button elementor-size-sm\" role=\"button\">\n\t\t\t\t\t\t<span class=\"elementor-button-content-wrapper\">\n\t\t\t\t\t\t<span class=\"elementor-button-text\">2. Regulacja brwi m\u0119skich<\/span>\n\t\t<\/span>\n\t\t\t\t\t<\/a>\n\t\t<\/div>\n\t\t\t\t<\/div>\n\t\t\t\t<\/div>\n\t\t\t\t<div class=\"elementor-element elementor-element-061d8ca elementor-align-center elementor-widget elementor-widget-button\" data-id=\"061d8ca\" data-element_type=\"widget\" data-widget_type=\"button.default\">\n\t\t\t\t<div class=\"elementor-widget-container\">\n\t\t\t\t\t<div class=\"elementor-button-wrapper\">\n\t\t\t<a href=\"index.php\/stylizacji-brwi-farbka\/\" class=\"elementor-button-link elementor-button elementor-size-sm\" role=\"button\">\n\t\t\t\t\t\t<span class=\"elementor-button-content-wrapper\">\n\t\t\t\t\t\t<span class=\"elementor-button-text\">3. Stylizacji brwi farbk\u0105<\/span>\n\t\t<\/span>\n\t\t\t\t\t<\/a>\n\t\t<\/div>\n\t\t\t\t<\/div>\n\t\t\t\t<\/div>\n\t\t\t\t<div class=\"elementor-element elementor-element-fe909fa elementor-align-center elementor-widget elementor-widget-button\" data-id=\"fe909fa\" data-element_type=\"widget\" data-widget_type=\"button.default\">\n\t\t\t\t<div class=\"elementor-widget-container\">\n\t\t\t\t\t<div class=\"elementor-button-wrapper\">\n\t\t\t<a href=\"index.php\/stylizacji-brwi-henna-pudrowa\/\" class=\"elementor-button-link elementor-button elementor-size-sm\" role=\"button\">\n\t\t\t\t\t\t<span class=\"elementor-button-content-wrapper\">\n\t\t\t\t\t\t<span class=\"elementor-button-text\">4. Stylizacji brwi henn\u0105 pudrow\u0105<\/span>\n\t\t<\/span>\n\t\t\t\t\t<\/a>\n\t\t<\/div>\n\t\t\t\t<\/div>\n\t\t\t\t<\/div>\n\t\t\t\t<div class=\"elementor-element elementor-element-a521aa5 elementor-align-center elementor-widget elementor-widget-button\" data-id=\"a521aa5\" data-element_type=\"widget\" data-widget_type=\"button.default\">\n\t\t\t\t<div class=\"elementor-widget-container\">\n\t\t\t\t\t<div class=\"elementor-button-wrapper\">\n\t\t\t<a href=\"index.php\/laminacja-brwi-botox\/\" class=\"elementor-button-link elementor-button elementor-size-sm\" role=\"button\">\n\t\t\t\t\t\t<span class=\"elementor-button-content-wrapper\">\n\t\t\t\t\t\t<span class=\"elementor-button-text\">5. Laminacja brwi + BOTOX<\/span>\n\t\t<\/span>\n\t\t\t\t\t<\/a>\n\t\t<\/div>\n\t\t\t\t<\/div>\n\t\t\t\t<\/div>\n\t\t\t\t<div class=\"elementor-element elementor-element-890bcbc elementor-align-center elementor-widget elementor-widget-button\" data-id=\"890bcbc\" data-element_type=\"widget\" data-widget_type=\"button.default\">\n\t\t\t\t<div class=\"elementor-widget-container\">\n\t\t\t\t\t<div class=\"elementor-button-wrapper\">\n\t\t\t<a href=\"index.php\/laminacja-brwi-koloryzacja-botox\/\" class=\"elementor-button-link elementor-button elementor-size-sm\" role=\"button\">\n\t\t\t\t\t\t<span class=\"elementor-button-content-wrapper\">\n\t\t\t\t\t\t<span class=\"elementor-button-text\">6. Laminacja brwi + koloryzacja + botox<\/span>\n\t\t<\/span>\n\t\t\t\t\t<\/a>\n\t\t<\/div>\n\t\t\t\t<\/div>\n\t\t\t\t<\/div>\n\t\t\t\t<div class=\"elementor-element elementor-element-957631d elementor-align-center elementor-widget elementor-widget-button\" data-id=\"957631d\" data-element_type=\"widget\" data-widget_type=\"button.default\">\n\t\t\t\t<div class=\"elementor-widget-container\">\n\t\t\t\t\t<div class=\"elementor-button-wrapper\">\n\t\t\t<a href=\"index.php\/brow-spa\/\" class=\"elementor-button-link elementor-button elementor-size-sm\" role=\"button\">\n\t\t\t\t\t\t<span class=\"elementor-button-content-wrapper\">\n\t\t\t\t\t\t<span class=\"elementor-button-text\">7. BROW SPA - !!! NOWO\u015a\u0106 !!!<\/span>\n\t\t<\/span>\n\t\t\t\t\t<\/a>\n\t\t<\/div>\n\t\t\t\t<\/div>\n\t\t\t\t<\/div>\n\t\t\t\t<div class=\"elementor-element elementor-element-f3b1054 elementor-align-center elementor-widget elementor-widget-button\" data-id=\"f3b1054\" data-element_type=\"widget\" data-widget_type=\"button.default\">\n\t\t\t\t<div class=\"elementor-widget-container\">\n\t\t\t\t\t<div class=\"elementor-button-wrapper\">\n\t\t\t<a href=\"index.php\/laminacja-rzes-z-botoxem\/\" class=\"elementor-button-link elementor-button elementor-size-sm\" role=\"button\">\n\t\t\t\t\t\t<span class=\"elementor-button-content-wrapper\">\n\t\t\t\t\t\t<span class=\"elementor-button-text\">8. Laminacja rz\u0119s z botoxem<\/span>\n\t\t<\/span>\n\t\t\t\t\t<\/a>\n\t\t<\/div>\n\t\t\t\t<\/div>\n\t\t\t\t<\/div>\n\t\t\t\t<div class=\"elementor-element elementor-element-71f6a6a elementor-align-center elementor-widget elementor-widget-button\" data-id=\"71f6a6a\" data-element_type=\"widget\" data-widget_type=\"button.default\">\n\t\t\t\t<div class=\"elementor-widget-container\">\n\t\t\t\t\t<div class=\"elementor-button-wrapper\">\n\t\t\t<a href=\"index.php\/stylizacja-brody\/\" class=\"elementor-button-link elementor-button elementor-size-sm\" role=\"button\">\n\t\t\t\t\t\t<span class=\"elementor-button-content-wrapper\">\n\t\t\t\t\t\t<span class=\"elementor-button-text\">9. Stylizacja brody<\/span>\n\t\t<\/span>\n\t\t\t\t\t<\/a>\n\t\t<\/div>\n\t\t\t\t<\/div>\n\t\t\t\t<\/div>\n\t\t\t\t\t<\/div>\n\t\t<\/div>\n\t\t\t\t<div class=\"elementor-column elementor-col-50 elementor-top-column elementor-element elementor-element-dbad00e\" data-id=\"dbad00e\" data-element_type=\"column\">\n\t\t\t<div class=\"elementor-widget-wrap elementor-element-populated\">\n\t\t\t\t\t\t\t\t<div class=\"elementor-element elementor-element-1f6227a animated-slow elementor-invisible elementor-widget elementor-widget-image\" data-id=\"1f6227a\" data-element_type=\"widget\" data-settings=\"{&quot;_animation&quot;:&quot;fadeIn&quot;,&quot;_animation_delay&quot;:100}\" data-widget_type=\"image.default\">\n\t\t\t\t<div class=\"elementor-widget-container\">\n\t\t\t\t\t\t\t\t\t\t\t\t\t\t\t<img loading=\"lazy\" decoding=\"async\" width=\"768\" height=\"658\" src=\"http:\/\/brevka.eu\/wp-content\/uploads\/2023\/03\/oferta_brevka_05b-768x658.jpg\" class=\"attachment-medium_large size-medium_large wp-image-785\" alt=\"\" srcset=\"http:\/\/brevka.eu\/wp-content\/uploads\/2023\/03\/oferta_brevka_05b-768x658.jpg 768w, http:\/\/brevka.eu\/wp-content\/uploads\/2023\/03\/oferta_brevka_05b-300x257.jpg 300w, http:\/\/brevka.eu\/wp-content\/uploads\/2023\/03\/oferta_brevka_05b-1024x878.jpg 1024w, http:\/\/brevka.eu\/wp-content\/uploads\/2023\/03\/oferta_brevka_05b.jpg 1400w\" sizes=\"auto, 100vw\" \/>\t\t\t\t\t\t\t\t\t\t\t\t\t\t\t<\/div>\n\t\t\t\t<\/div>\n\t\t\t\t<div class=\"elementor-element elementor-element-8f5388e elementor-invisible elementor-widget elementor-widget-text-editor\" data-id=\"8f5388e\" data-element_type=\"widget\" data-settings=\"{&quot;_animation&quot;:&quot;fadeInDown&quot;,&quot;_animation_delay&quot;:200}\" data-widget_type=\"text-editor.default\">\n\t\t\t\t<div class=\"elementor-widget-container\">\n\t\t\t\t\t\t\t<div>Brevka to salon, kt\u00f3ry g\u0142\u00f3wnie zajmuje si\u0119 stylizacj\u0105 brwi. W tym wyj\u0105tkowym miejscu z us\u0142ug mog\u0105 skorzysta\u0107 nie tylko Panie, ale r\u00f3wnie\u017c\u00a0 Panowie.<\/div><div><b>Trafiaj\u0105c do nas masz pewno\u015b\u0107, \u017ce Twoja us\u0142uga zostanie wykonana profesjonalnie.<\/b><\/div><div>Podczas zabieg\u00f3w kierujemy si\u0119 kolejno\u015bci\u0105 wykonywania etap\u00f3w, a tak\u017ce nak\u0142adamy na brwi specjalistyczne preparaty, tak by Twoje brwi wygl\u0105da\u0142y na zdrowe, ale i takie te\u017c by\u0142y dzi\u0119ki wizycie w Naszym salonie.<\/div>\t\t\t\t\t\t<\/div>\n\t\t\t\t<\/div>\n\t\t\t\t\t<\/div>\n\t\t<\/div>\n\t\t\t\t\t\t\t<\/div>\n\t\t<\/section>\n\t\t\t\t\t\t\t<\/div>\n\t\t","protected":false},"excerpt":{"rendered":"<p>2. Regulacja brwi m\u0119skich Co\u015b dla Pan\u00f3w, czyli\u00a0 \u201eRegulacja brwi m\u0119skich\u201dPe\u0142na us\u0142uga zawiera: peeling brwi geometri\u0119 brwi regulacj\u0119 brwi na\u0142o\u017cenie kremu po depilacji wyg\u0142adzenie brwi olejkiem od\u017cywczym Regulowanie brwi u m\u0119\u017cczyzn wykonywane jest za pomoc\u0105 p\u0119sety, wosku, trymera b\u0105d\u017a lasera. Woskowanie polega na depilacji brwi do po\u017c\u0105danego kszta\u0142tu za pomoc\u0105 p\u0142ynnego wosku na\u0142o\u017conego na kawa\u0142ek &hellip; <\/p>\n<p class=\"link-more\"><a href=\"http:\/\/brevka.eu\/index.php\/regulacja-brwi-meskich\/\" class=\"more-link\">Read more<span class=\"screen-reader-text\"> &#8222;Regulacja brwi m\u0119skich&#8221;<\/span><\/a><\/p>\n","protected":false},"author":1,"featured_media":1029,"parent":0,"menu_order":0,"comment_status":"closed","ping_status":"closed","template":"","meta":{"footnotes":""},"class_list":["post-1102","page","type-page","status-publish","has-post-thumbnail","hentry"],"_links":{"self":[{"href":"http:\/\/brevka.eu\/index.php\/wp-json\/wp\/v2\/pages\/1102","targetHints":{"allow":["GET"]}}],"collection":[{"href":"http:\/\/brevka.eu\/index.php\/wp-json\/wp\/v2\/pages"}],"about":[{"href":"http:\/\/brevka.eu\/index.php\/wp-json\/wp\/v2\/types\/page"}],"author":[{"embeddable":true,"href":"http:\/\/brevka.eu\/index.php\/wp-json\/wp\/v2\/users\/1"}],"replies":[{"embeddable":true,"href":"http:\/\/brevka.eu\/index.php\/wp-json\/wp\/v2\/comments?post=1102"}],"version-history":[{"count":13,"href":"http:\/\/brevka.eu\/index.php\/wp-json\/wp\/v2\/pages\/1102\/revisions"}],"predecessor-version":[{"id":1216,"href":"http:\/\/brevka.eu\/index.php\/wp-json\/wp\/v2\/pages\/1102\/revisions\/1216"}],"wp:featuredmedia":[{"embeddable":true,"href":"http:\/\/brevka.eu\/index.php\/wp-json\/wp\/v2\/media\/1029"}],"wp:attachment":[{"href":"http:\/\/brevka.eu\/index.php\/wp-json\/wp\/v2\/media?parent=1102"}],"curies":[{"name":"wp","href":"https:\/\/api.w.org\/{rel}","templated":true}]}}