{"id":71,"date":"2022-12-31T15:14:06","date_gmt":"2022-12-31T14:14:06","guid":{"rendered":"http:\/\/brevka.eu\/?page_id=71"},"modified":"2023-02-26T11:18:38","modified_gmt":"2023-02-26T10:18:38","slug":"umow-wizyte","status":"publish","type":"page","link":"http:\/\/brevka.eu\/index.php\/umow-wizyte\/","title":{"rendered":"Um\u00f3w wizyt\u0119"},"content":{"rendered":"\t\t<div data-elementor-type=\"wp-page\" data-elementor-id=\"71\" class=\"elementor elementor-71\">\n\t\t\t\t\t\t\t\t\t<section class=\"elementor-section elementor-top-section elementor-element elementor-element-d327fd6 elementor-section-boxed elementor-section-height-default elementor-section-height-default\" data-id=\"d327fd6\" data-element_type=\"section\">\n\t\t\t\t\t\t<div class=\"elementor-container elementor-column-gap-default\">\n\t\t\t\t\t<div class=\"elementor-column elementor-col-50 elementor-top-column elementor-element elementor-element-44156d23\" data-id=\"44156d23\" data-element_type=\"column\">\n\t\t\t<div class=\"elementor-widget-wrap elementor-element-populated\">\n\t\t\t\t\t\t\t\t<div class=\"elementor-element elementor-element-213e32d elementor-widget elementor-widget-text-editor\" data-id=\"213e32d\" data-element_type=\"widget\" data-widget_type=\"text-editor.default\">\n\t\t\t\t<div class=\"elementor-widget-container\">\n\t\t\t<style>\/*! elementor - v3.9.2 - 21-12-2022 *\/\n.elementor-widget-text-editor.elementor-drop-cap-view-stacked .elementor-drop-cap{background-color:#818a91;color:#fff}.elementor-widget-text-editor.elementor-drop-cap-view-framed .elementor-drop-cap{color:#818a91;border:3px solid;background-color:transparent}.elementor-widget-text-editor:not(.elementor-drop-cap-view-default) .elementor-drop-cap{margin-top:8px}.elementor-widget-text-editor:not(.elementor-drop-cap-view-default) .elementor-drop-cap-letter{width:1em;height:1em}.elementor-widget-text-editor .elementor-drop-cap{float:left;text-align:center;line-height:1;font-size:50px}.elementor-widget-text-editor .elementor-drop-cap-letter{display:inline-block}<\/style>\t\t\t\t<p><!-- wp:paragraph --><\/p>\n<p><img loading=\"lazy\" decoding=\"async\" class=\"size-medium wp-image-643 aligncenter\" src=\"http:\/\/brevka.eu\/wp-content\/uploads\/2023\/02\/booksy_logo-300x59.png\" alt=\"\" width=\"300\" height=\"59\" srcset=\"http:\/\/brevka.eu\/wp-content\/uploads\/2023\/02\/booksy_logo-300x59.png 300w, http:\/\/brevka.eu\/wp-content\/uploads\/2023\/02\/booksy_logo.png 766w\" sizes=\"auto, (max-width: 300px) 100vw, 300px\" \/><\/p>\n<p>Serdecznie zapraszam do skorzystania z systemu Booksy, w kt\u00f3rym z \u0142atwo\u015bci\u0105 um\u00f3wisz wizyt\u0119 on-line.<\/p>\n<p><b>Wybierz zabieg, dzie\u0144, godzin\u0119: <\/b><\/p>\n<p><!-- \/wp:paragraph --><\/p>\n<p><!-- wp:group {\"style\":{\"spacing\":{\"padding\":{\"top\":\"var:preset|spacing|80\",\"right\":\"0\",\"bottom\":\"var:preset|spacing|80\",\"left\":\"0\"}}},\"backgroundColor\":\"white\",\"layout\":{\"type\":\"default\"}} --><\/p>\n<div class=\"wp-block-group has-white-background-color has-background\" style=\"padding: var(--wp--preset--spacing--80) 0 var(--wp--preset--spacing--80) 0;\">\n<p><!-- wp:buttons {\"layout\":{\"type\":\"flex\",\"justifyContent\":\"center\"}} --><\/p>\n<div class=\"wp-block-buttons\">\n<p><!-- wp:button {\"width\":100} --><\/p>\n<div class=\"wp-block-button has-custom-width wp-block-button__width-100\"><a class=\"wp-block-button__link wp-element-button\" href=\"https:\/\/booksy.com\/pl-pl\/instant-experiences\/widget\/107576?instant_experiences_enabled=true&amp;ig_ix=true&amp;is_fb=1&amp;fbclid=IwAR3L-6de63_6wQh3RIvQE9JMOUsKkIgQ8DEp7Ukg9m45gEnK1XjvEuIp5vg\" target=\"_blank\" rel=\"noreferrer noopener\"><strong>UM\u00d3W WIZYT\u0118 ONLINE<\/strong><\/a><\/div>\n<p><!-- \/wp:button --><\/p>\n<\/div>\n<p><!-- \/wp:buttons --><\/p>\n<\/div>\n<p><!-- \/wp:group --><\/p>\n<p><!-- wp:embed {\"url\":\"https:\/\/www.facebook.com\/profile.php?id=100031656164040\"} --><\/p>\n<p><!-- \/wp:embed --><\/p>\t\t\t\t\t\t<\/div>\n\t\t\t\t<\/div>\n\t\t\t\t\t<\/div>\n\t\t<\/div>\n\t\t\t\t<div class=\"elementor-column elementor-col-50 elementor-top-column elementor-element elementor-element-5eb7211\" data-id=\"5eb7211\" data-element_type=\"column\">\n\t\t\t<div class=\"elementor-widget-wrap elementor-element-populated\">\n\t\t\t\t\t\t\t\t<div class=\"elementor-element elementor-element-2f7d6be animated-slow elementor-invisible elementor-widget elementor-widget-image\" data-id=\"2f7d6be\" data-element_type=\"widget\" data-settings=\"{&quot;_animation&quot;:&quot;fadeIn&quot;,&quot;_animation_delay&quot;:500}\" data-widget_type=\"image.default\">\n\t\t\t\t<div class=\"elementor-widget-container\">\n\t\t\t<style>\/*! elementor - v3.9.2 - 21-12-2022 *\/\n.elementor-widget-image{text-align:center}.elementor-widget-image a{display:inline-block}.elementor-widget-image a img[src$=\".svg\"]{width:48px}.elementor-widget-image img{vertical-align:middle;display:inline-block}<\/style>\t\t\t\t\t\t\t\t\t\t\t\t<img loading=\"lazy\" decoding=\"async\" width=\"451\" height=\"501\" src=\"http:\/\/brevka.eu\/wp-content\/uploads\/2023\/02\/brevka_telefon_booksy_01.jpg\" class=\"attachment-full size-full wp-image-632\" alt=\"\" srcset=\"http:\/\/brevka.eu\/wp-content\/uploads\/2023\/02\/brevka_telefon_booksy_01.jpg 451w, http:\/\/brevka.eu\/wp-content\/uploads\/2023\/02\/brevka_telefon_booksy_01-270x300.jpg 270w\" sizes=\"auto, 100vw\" \/>\t\t\t\t\t\t\t\t\t\t\t\t\t\t\t<\/div>\n\t\t\t\t<\/div>\n\t\t\t\t\t<\/div>\n\t\t<\/div>\n\t\t\t\t\t\t\t<\/div>\n\t\t<\/section>\n\t\t\t\t<section class=\"elementor-section elementor-top-section elementor-element elementor-element-f871e55 elementor-section-stretched elementor-section-boxed elementor-section-height-default elementor-section-height-default\" data-id=\"f871e55\" data-element_type=\"section\" data-settings=\"{&quot;stretch_section&quot;:&quot;section-stretched&quot;}\">\n\t\t\t\t\t\t<div class=\"elementor-container elementor-column-gap-default\">\n\t\t\t\t\t<div class=\"elementor-column elementor-col-20 elementor-top-column elementor-element elementor-element-1fa950d\" data-id=\"1fa950d\" data-element_type=\"column\">\n\t\t\t<div class=\"elementor-widget-wrap elementor-element-populated\">\n\t\t\t\t\t\t\t\t<div class=\"elementor-element elementor-element-fa88562 elementor-invisible elementor-widget elementor-widget-text-editor\" data-id=\"fa88562\" data-element_type=\"widget\" data-settings=\"{&quot;_animation&quot;:&quot;fadeIn&quot;,&quot;_animation_delay&quot;:300}\" data-widget_type=\"text-editor.default\">\n\t\t\t\t<div class=\"elementor-widget-container\">\n\t\t\t\t\t\t\t<div class=\"mpc-chart__title mpc-typography--preset_13\">\n<h3><strong>1. Wybierz<br>zabieg dla siebie<\/strong><\/h3>\n<\/div>\n<div class=\"mpc-chart__title mpc-typography--preset_13\"><b><img loading=\"lazy\" decoding=\"async\" class=\"aligncenter wp-image-507 size-thumbnail\" src=\"http:\/\/brevka.eu\/wp-content\/uploads\/2023\/02\/brevka_postep_20procent-150x150.png\" alt=\"\" width=\"150\" height=\"150\" srcset=\"http:\/\/brevka.eu\/wp-content\/uploads\/2023\/02\/brevka_postep_20procent-150x150.png 150w, http:\/\/brevka.eu\/wp-content\/uploads\/2023\/02\/brevka_postep_20procent-300x300.png 300w, http:\/\/brevka.eu\/wp-content\/uploads\/2023\/02\/brevka_postep_20procent.png 600w\" sizes=\"auto, (max-width: 150px) 100vw, 150px\" \/><\/b><\/div>\n<div class=\"mpc-chart__description mpc-typography--preset_13\">Obejrzyj galeri\u0119 z efektami naszych prac i wytypuj zabieg<\/div>\t\t\t\t\t\t<\/div>\n\t\t\t\t<\/div>\n\t\t\t\t\t<\/div>\n\t\t<\/div>\n\t\t\t\t<div class=\"elementor-column elementor-col-20 elementor-top-column elementor-element elementor-element-849a67f\" data-id=\"849a67f\" data-element_type=\"column\">\n\t\t\t<div class=\"elementor-widget-wrap elementor-element-populated\">\n\t\t\t\t\t\t\t\t<div class=\"elementor-element elementor-element-7c8d9f0 elementor-invisible elementor-widget elementor-widget-text-editor\" data-id=\"7c8d9f0\" data-element_type=\"widget\" data-settings=\"{&quot;_animation&quot;:&quot;fadeIn&quot;,&quot;_animation_delay&quot;:600}\" data-widget_type=\"text-editor.default\">\n\t\t\t\t<div class=\"elementor-widget-container\">\n\t\t\t\t\t\t\t<h3><strong>2. Zarezerwuj<br>wizyt\u0119 online<\/strong><\/h3>\n<p><img loading=\"lazy\" decoding=\"async\" class=\"aligncenter wp-image-508 size-thumbnail\" src=\"http:\/\/brevka.eu\/wp-content\/uploads\/2023\/02\/brevka_postep_40procent-150x150.png\" alt=\"\" width=\"150\" height=\"150\" srcset=\"http:\/\/brevka.eu\/wp-content\/uploads\/2023\/02\/brevka_postep_40procent-150x150.png 150w, http:\/\/brevka.eu\/wp-content\/uploads\/2023\/02\/brevka_postep_40procent-300x300.png 300w, http:\/\/brevka.eu\/wp-content\/uploads\/2023\/02\/brevka_postep_40procent.png 600w\" sizes=\"auto, (max-width: 150px) 100vw, 150px\" \/>Um\u00f3w wizyt\u0119 &#8211; wybierz zabieg, dzie\u0144 i pasuj\u0105c\u0105 godzin\u0119 spotkania<\/p>\t\t\t\t\t\t<\/div>\n\t\t\t\t<\/div>\n\t\t\t\t\t<\/div>\n\t\t<\/div>\n\t\t\t\t<div class=\"elementor-column elementor-col-20 elementor-top-column elementor-element elementor-element-f1fee98\" data-id=\"f1fee98\" data-element_type=\"column\">\n\t\t\t<div class=\"elementor-widget-wrap elementor-element-populated\">\n\t\t\t\t\t\t\t\t<div class=\"elementor-element elementor-element-fc6f75a elementor-invisible elementor-widget elementor-widget-text-editor\" data-id=\"fc6f75a\" data-element_type=\"widget\" data-settings=\"{&quot;_animation&quot;:&quot;fadeIn&quot;,&quot;_animation_delay&quot;:900}\" data-widget_type=\"text-editor.default\">\n\t\t\t\t<div class=\"elementor-widget-container\">\n\t\t\t\t\t\t\t<h3><strong>3. Przygotuj<br>si\u0119<\/strong><\/h3>\n<p><img loading=\"lazy\" decoding=\"async\" class=\"aligncenter wp-image-509 size-thumbnail\" src=\"http:\/\/brevka.eu\/wp-content\/uploads\/2023\/02\/brevka_postep_60procent-150x150.png\" alt=\"\" width=\"150\" height=\"150\" srcset=\"http:\/\/brevka.eu\/wp-content\/uploads\/2023\/02\/brevka_postep_60procent-150x150.png 150w, http:\/\/brevka.eu\/wp-content\/uploads\/2023\/02\/brevka_postep_60procent-300x300.png 300w, http:\/\/brevka.eu\/wp-content\/uploads\/2023\/02\/brevka_postep_60procent.png 600w\" sizes=\"auto, (max-width: 150px) 100vw, 150px\" \/>Przeczytaj jak przygotowa\u0107 si\u0119 przed pierwsz\u0105 wizyt\u0105 (warto wiedzie\u0107&gt;&gt;&gt;)<br><\/p>\t\t\t\t\t\t<\/div>\n\t\t\t\t<\/div>\n\t\t\t\t\t<\/div>\n\t\t<\/div>\n\t\t\t\t<div class=\"elementor-column elementor-col-20 elementor-top-column elementor-element elementor-element-4b3e009\" data-id=\"4b3e009\" data-element_type=\"column\">\n\t\t\t<div class=\"elementor-widget-wrap elementor-element-populated\">\n\t\t\t\t\t\t\t\t<div class=\"elementor-element elementor-element-ea00bcd elementor-invisible elementor-widget elementor-widget-text-editor\" data-id=\"ea00bcd\" data-element_type=\"widget\" data-settings=\"{&quot;_animation&quot;:&quot;fadeIn&quot;,&quot;_animation_delay&quot;:1200}\" data-widget_type=\"text-editor.default\">\n\t\t\t\t<div class=\"elementor-widget-container\">\n\t\t\t\t\t\t\t<h3 class=\"mpc-chart__title mpc-typography--preset_13\"><strong>4. Przyjd\u017a<br>do salonu Brevka<br><\/strong><\/h3>\n<div class=\"mpc-chart__title mpc-typography--preset_13\"><img loading=\"lazy\" decoding=\"async\" class=\"aligncenter wp-image-510 size-thumbnail\" src=\"http:\/\/brevka.eu\/wp-content\/uploads\/2023\/02\/brevka_postep_80procent-150x150.png\" alt=\"\" width=\"150\" height=\"150\" srcset=\"http:\/\/brevka.eu\/wp-content\/uploads\/2023\/02\/brevka_postep_80procent-150x150.png 150w, http:\/\/brevka.eu\/wp-content\/uploads\/2023\/02\/brevka_postep_80procent-300x300.png 300w, http:\/\/brevka.eu\/wp-content\/uploads\/2023\/02\/brevka_postep_80procent.png 600w\" sizes=\"auto, (max-width: 150px) 100vw, 150px\" \/><\/div>\n<div class=\"mpc-chart__description mpc-typography--preset_13\">Przyjd\u017a, opowiedz o swoich oczekiwaniach, potrzebach i docelowym efekcie<\/div>\t\t\t\t\t\t<\/div>\n\t\t\t\t<\/div>\n\t\t\t\t\t<\/div>\n\t\t<\/div>\n\t\t\t\t<div class=\"elementor-column elementor-col-20 elementor-top-column elementor-element elementor-element-73683e4\" data-id=\"73683e4\" data-element_type=\"column\">\n\t\t\t<div class=\"elementor-widget-wrap elementor-element-populated\">\n\t\t\t\t\t\t\t\t<div class=\"elementor-element elementor-element-f7af246 elementor-invisible elementor-widget elementor-widget-text-editor\" data-id=\"f7af246\" data-element_type=\"widget\" data-settings=\"{&quot;_animation&quot;:&quot;fadeIn&quot;,&quot;_animation_delay&quot;:1500}\" data-widget_type=\"text-editor.default\">\n\t\t\t\t<div class=\"elementor-widget-container\">\n\t\t\t\t\t\t\t<h3><strong>5. Ciesz si\u0119<br>pi\u0119knym efektem<\/strong><\/h3>\n<p><img loading=\"lazy\" decoding=\"async\" class=\"aligncenter wp-image-511 size-thumbnail\" src=\"http:\/\/brevka.eu\/wp-content\/uploads\/2023\/02\/brevka_postep_100procent-150x150.png\" alt=\"\" width=\"150\" height=\"150\" srcset=\"http:\/\/brevka.eu\/wp-content\/uploads\/2023\/02\/brevka_postep_100procent-150x150.png 150w, http:\/\/brevka.eu\/wp-content\/uploads\/2023\/02\/brevka_postep_100procent-300x300.png 300w, http:\/\/brevka.eu\/wp-content\/uploads\/2023\/02\/brevka_postep_100procent.png 600w\" sizes=\"auto, (max-width: 150px) 100vw, 150px\" \/><\/p>\n<p>B\u0105d\u017a pi\u0119kna i jak najd\u0142u\u017cej ciesz si\u0119 z pi\u0119knego efektu wykonanego u nas zabiegu!<\/p>\t\t\t\t\t\t<\/div>\n\t\t\t\t<\/div>\n\t\t\t\t\t<\/div>\n\t\t<\/div>\n\t\t\t\t\t\t\t<\/div>\n\t\t<\/section>\n\t\t\t\t\t\t\t<\/div>\n\t\t","protected":false},"excerpt":{"rendered":"<p>Serdecznie zapraszam do skorzystania z systemu Booksy, w kt\u00f3rym z \u0142atwo\u015bci\u0105 um\u00f3wisz wizyt\u0119 on-line. Wybierz zabieg, dzie\u0144, godzin\u0119: 1. Wybierzzabieg dla siebie Obejrzyj galeri\u0119 z efektami naszych prac i wytypuj zabieg 2. Zarezerwujwizyt\u0119 online Um\u00f3w wizyt\u0119 &#8211; wybierz zabieg, dzie\u0144 i pasuj\u0105c\u0105 godzin\u0119 spotkania 3. Przygotujsi\u0119 Przeczytaj jak przygotowa\u0107 si\u0119 przed pierwsz\u0105 wizyt\u0105 (warto wiedzie\u0107&gt;&gt;&gt;) &hellip; <\/p>\n<p class=\"link-more\"><a href=\"http:\/\/brevka.eu\/index.php\/umow-wizyte\/\" class=\"more-link\">Read more<span class=\"screen-reader-text\"> &#8222;Um\u00f3w wizyt\u0119&#8221;<\/span><\/a><\/p>\n","protected":false},"author":1,"featured_media":33,"parent":0,"menu_order":0,"comment_status":"closed","ping_status":"closed","template":"","meta":{"footnotes":""},"class_list":["post-71","page","type-page","status-publish","has-post-thumbnail","hentry"],"_links":{"self":[{"href":"http:\/\/brevka.eu\/index.php\/wp-json\/wp\/v2\/pages\/71","targetHints":{"allow":["GET"]}}],"collection":[{"href":"http:\/\/brevka.eu\/index.php\/wp-json\/wp\/v2\/pages"}],"about":[{"href":"http:\/\/brevka.eu\/index.php\/wp-json\/wp\/v2\/types\/page"}],"author":[{"embeddable":true,"href":"http:\/\/brevka.eu\/index.php\/wp-json\/wp\/v2\/users\/1"}],"replies":[{"embeddable":true,"href":"http:\/\/brevka.eu\/index.php\/wp-json\/wp\/v2\/comments?post=71"}],"version-history":[{"count":16,"href":"http:\/\/brevka.eu\/index.php\/wp-json\/wp\/v2\/pages\/71\/revisions"}],"predecessor-version":[{"id":649,"href":"http:\/\/brevka.eu\/index.php\/wp-json\/wp\/v2\/pages\/71\/revisions\/649"}],"wp:featuredmedia":[{"embeddable":true,"href":"http:\/\/brevka.eu\/index.php\/wp-json\/wp\/v2\/media\/33"}],"wp:attachment":[{"href":"http:\/\/brevka.eu\/index.php\/wp-json\/wp\/v2\/media?parent=71"}],"curies":[{"name":"wp","href":"https:\/\/api.w.org\/{rel}","templated":true}]}}