{"id":75,"date":"2023-01-07T13:15:53","date_gmt":"2023-01-07T12:15:53","guid":{"rendered":"http:\/\/brevka.eu\/?page_id=75"},"modified":"2023-03-26T17:47:14","modified_gmt":"2023-03-26T15:47:14","slug":"uslugi","status":"publish","type":"page","link":"http:\/\/brevka.eu\/index.php\/uslugi\/","title":{"rendered":"Us\u0142ugi"},"content":{"rendered":"\t\t<div data-elementor-type=\"wp-page\" data-elementor-id=\"75\" class=\"elementor elementor-75\">\n\t\t\t\t\t\t\t\t\t<section class=\"elementor-section elementor-top-section elementor-element elementor-element-44b010e elementor-section-stretched elementor-section-boxed elementor-section-height-default elementor-section-height-default\" data-id=\"44b010e\" data-element_type=\"section\" data-settings=\"{&quot;stretch_section&quot;:&quot;section-stretched&quot;}\">\n\t\t\t\t\t\t<div class=\"elementor-container elementor-column-gap-default\">\n\t\t\t\t\t<div class=\"elementor-column elementor-col-50 elementor-top-column elementor-element elementor-element-4d530c7\" data-id=\"4d530c7\" data-element_type=\"column\">\n\t\t\t<div class=\"elementor-widget-wrap elementor-element-populated\">\n\t\t\t\t\t\t\t\t<div class=\"elementor-element elementor-element-380f420 elementor-invisible elementor-widget elementor-widget-text-editor\" data-id=\"380f420\" data-element_type=\"widget\" data-settings=\"{&quot;_animation&quot;:&quot;fadeInUp&quot;,&quot;_animation_delay&quot;:200}\" data-widget_type=\"text-editor.default\">\n\t\t\t\t<div class=\"elementor-widget-container\">\n\t\t\t<style>\/*! elementor - v3.9.2 - 21-12-2022 *\/\n.elementor-widget-text-editor.elementor-drop-cap-view-stacked .elementor-drop-cap{background-color:#818a91;color:#fff}.elementor-widget-text-editor.elementor-drop-cap-view-framed .elementor-drop-cap{color:#818a91;border:3px solid;background-color:transparent}.elementor-widget-text-editor:not(.elementor-drop-cap-view-default) .elementor-drop-cap{margin-top:8px}.elementor-widget-text-editor:not(.elementor-drop-cap-view-default) .elementor-drop-cap-letter{width:1em;height:1em}.elementor-widget-text-editor .elementor-drop-cap{float:left;text-align:center;line-height:1;font-size:50px}.elementor-widget-text-editor .elementor-drop-cap-letter{display:inline-block}<\/style>\t\t\t\t<div><b>Wybierz us\u0142ug\u0119 i zapoznaj si\u0119 z jej szczeg\u00f3\u0142ami:<\/b><\/div>\t\t\t\t\t\t<\/div>\n\t\t\t\t<\/div>\n\t\t\t\t<div class=\"elementor-element elementor-element-3f5d835 elementor-align-center elementor-widget elementor-widget-button\" data-id=\"3f5d835\" data-element_type=\"widget\" data-widget_type=\"button.default\">\n\t\t\t\t<div class=\"elementor-widget-container\">\n\t\t\t\t\t<div class=\"elementor-button-wrapper\">\n\t\t\t<a href=\"index.php\/regulacja-brwi\/\" class=\"elementor-button-link elementor-button elementor-size-sm\" role=\"button\">\n\t\t\t\t\t\t<span class=\"elementor-button-content-wrapper\">\n\t\t\t\t\t\t<span class=\"elementor-button-text\">1. Regulacja brwi<\/span>\n\t\t<\/span>\n\t\t\t\t\t<\/a>\n\t\t<\/div>\n\t\t\t\t<\/div>\n\t\t\t\t<\/div>\n\t\t\t\t<div class=\"elementor-element elementor-element-43440dc elementor-align-center elementor-widget elementor-widget-button\" data-id=\"43440dc\" data-element_type=\"widget\" data-widget_type=\"button.default\">\n\t\t\t\t<div class=\"elementor-widget-container\">\n\t\t\t\t\t<div class=\"elementor-button-wrapper\">\n\t\t\t<a href=\"index.php\/regulacja-brwi-meskich\/\" class=\"elementor-button-link elementor-button elementor-size-sm\" role=\"button\">\n\t\t\t\t\t\t<span class=\"elementor-button-content-wrapper\">\n\t\t\t\t\t\t<span class=\"elementor-button-text\">2. Regulacja brwi m\u0119skich<\/span>\n\t\t<\/span>\n\t\t\t\t\t<\/a>\n\t\t<\/div>\n\t\t\t\t<\/div>\n\t\t\t\t<\/div>\n\t\t\t\t<div class=\"elementor-element elementor-element-f22e62e elementor-align-center elementor-widget elementor-widget-button\" data-id=\"f22e62e\" data-element_type=\"widget\" data-widget_type=\"button.default\">\n\t\t\t\t<div class=\"elementor-widget-container\">\n\t\t\t\t\t<div class=\"elementor-button-wrapper\">\n\t\t\t<a href=\"index.php\/stylizacji-brwi-farbka\/\" class=\"elementor-button-link elementor-button elementor-size-sm\" role=\"button\">\n\t\t\t\t\t\t<span class=\"elementor-button-content-wrapper\">\n\t\t\t\t\t\t<span class=\"elementor-button-text\">3. Stylizacji brwi farbk\u0105<\/span>\n\t\t<\/span>\n\t\t\t\t\t<\/a>\n\t\t<\/div>\n\t\t\t\t<\/div>\n\t\t\t\t<\/div>\n\t\t\t\t<div class=\"elementor-element elementor-element-7955ab2 elementor-align-center elementor-widget elementor-widget-button\" data-id=\"7955ab2\" data-element_type=\"widget\" data-widget_type=\"button.default\">\n\t\t\t\t<div class=\"elementor-widget-container\">\n\t\t\t\t\t<div class=\"elementor-button-wrapper\">\n\t\t\t<a href=\"index.php\/stylizacji-brwi-henna-pudrowa\/\" class=\"elementor-button-link elementor-button elementor-size-sm\" role=\"button\">\n\t\t\t\t\t\t<span class=\"elementor-button-content-wrapper\">\n\t\t\t\t\t\t<span class=\"elementor-button-text\">4. Stylizacji brwi henn\u0105 pudrow\u0105<\/span>\n\t\t<\/span>\n\t\t\t\t\t<\/a>\n\t\t<\/div>\n\t\t\t\t<\/div>\n\t\t\t\t<\/div>\n\t\t\t\t<div class=\"elementor-element elementor-element-5a71fc2 elementor-align-center elementor-widget elementor-widget-button\" data-id=\"5a71fc2\" data-element_type=\"widget\" data-widget_type=\"button.default\">\n\t\t\t\t<div class=\"elementor-widget-container\">\n\t\t\t\t\t<div class=\"elementor-button-wrapper\">\n\t\t\t<a href=\"index.php\/laminacja-brwi-botox\/\" class=\"elementor-button-link elementor-button elementor-size-sm\" role=\"button\">\n\t\t\t\t\t\t<span class=\"elementor-button-content-wrapper\">\n\t\t\t\t\t\t<span class=\"elementor-button-text\">5. Laminacja brwi + BOTOX<\/span>\n\t\t<\/span>\n\t\t\t\t\t<\/a>\n\t\t<\/div>\n\t\t\t\t<\/div>\n\t\t\t\t<\/div>\n\t\t\t\t<div class=\"elementor-element elementor-element-ca6465f elementor-align-center elementor-widget elementor-widget-button\" data-id=\"ca6465f\" data-element_type=\"widget\" data-widget_type=\"button.default\">\n\t\t\t\t<div class=\"elementor-widget-container\">\n\t\t\t\t\t<div class=\"elementor-button-wrapper\">\n\t\t\t<a href=\"index.php\/laminacja-brwi-koloryzacja-botox\/\" class=\"elementor-button-link elementor-button elementor-size-sm\" role=\"button\">\n\t\t\t\t\t\t<span class=\"elementor-button-content-wrapper\">\n\t\t\t\t\t\t<span class=\"elementor-button-text\">6. Laminacja brwi + koloryzacja + botox<\/span>\n\t\t<\/span>\n\t\t\t\t\t<\/a>\n\t\t<\/div>\n\t\t\t\t<\/div>\n\t\t\t\t<\/div>\n\t\t\t\t<div class=\"elementor-element elementor-element-29b7782 elementor-align-center elementor-widget elementor-widget-button\" data-id=\"29b7782\" data-element_type=\"widget\" data-widget_type=\"button.default\">\n\t\t\t\t<div class=\"elementor-widget-container\">\n\t\t\t\t\t<div class=\"elementor-button-wrapper\">\n\t\t\t<a href=\"index.php\/brow-spa\/\" class=\"elementor-button-link elementor-button elementor-size-sm\" role=\"button\">\n\t\t\t\t\t\t<span class=\"elementor-button-content-wrapper\">\n\t\t\t\t\t\t<span class=\"elementor-button-text\">7. BROW SPA - !!! NOWO\u015a\u0106 !!!<\/span>\n\t\t<\/span>\n\t\t\t\t\t<\/a>\n\t\t<\/div>\n\t\t\t\t<\/div>\n\t\t\t\t<\/div>\n\t\t\t\t<div class=\"elementor-element elementor-element-94e0fe0 elementor-align-center elementor-widget elementor-widget-button\" data-id=\"94e0fe0\" data-element_type=\"widget\" data-widget_type=\"button.default\">\n\t\t\t\t<div class=\"elementor-widget-container\">\n\t\t\t\t\t<div class=\"elementor-button-wrapper\">\n\t\t\t<a href=\"index.php\/laminacja-rzes-z-botoxem\/\" class=\"elementor-button-link elementor-button elementor-size-sm\" role=\"button\">\n\t\t\t\t\t\t<span class=\"elementor-button-content-wrapper\">\n\t\t\t\t\t\t<span class=\"elementor-button-text\">8. Laminacja rz\u0119s z botoxem<\/span>\n\t\t<\/span>\n\t\t\t\t\t<\/a>\n\t\t<\/div>\n\t\t\t\t<\/div>\n\t\t\t\t<\/div>\n\t\t\t\t<div class=\"elementor-element elementor-element-af8290e elementor-align-center elementor-widget elementor-widget-button\" data-id=\"af8290e\" data-element_type=\"widget\" data-widget_type=\"button.default\">\n\t\t\t\t<div class=\"elementor-widget-container\">\n\t\t\t\t\t<div class=\"elementor-button-wrapper\">\n\t\t\t<a href=\"index.php\/stylizacja-brody\/\" class=\"elementor-button-link elementor-button elementor-size-sm\" role=\"button\">\n\t\t\t\t\t\t<span class=\"elementor-button-content-wrapper\">\n\t\t\t\t\t\t<span class=\"elementor-button-text\">9. Stylizacja brody<\/span>\n\t\t<\/span>\n\t\t\t\t\t<\/a>\n\t\t<\/div>\n\t\t\t\t<\/div>\n\t\t\t\t<\/div>\n\t\t\t\t\t<\/div>\n\t\t<\/div>\n\t\t\t\t<div class=\"elementor-column elementor-col-50 elementor-top-column elementor-element elementor-element-043d73a\" data-id=\"043d73a\" data-element_type=\"column\">\n\t\t\t<div class=\"elementor-widget-wrap elementor-element-populated\">\n\t\t\t\t\t\t\t\t<div class=\"elementor-element elementor-element-f92242d elementor-invisible elementor-widget elementor-widget-text-editor\" data-id=\"f92242d\" data-element_type=\"widget\" data-settings=\"{&quot;_animation&quot;:&quot;fadeInDown&quot;,&quot;_animation_delay&quot;:200}\" data-widget_type=\"text-editor.default\">\n\t\t\t\t<div class=\"elementor-widget-container\">\n\t\t\t\t\t\t\t<div>Brevka to salon, kt\u00f3ry g\u0142\u00f3wnie zajmuje si\u0119 stylizacj\u0105 brwi. W tym wyj\u0105tkowym miejscu z us\u0142ug mog\u0105 skorzysta\u0107 nie tylko Panie, ale r\u00f3wnie\u017c\u00a0 Panowie.<\/div><div><b>Trafiaj\u0105c do nas masz pewno\u015b\u0107, \u017ce Twoja us\u0142uga zostanie wykonana profesjonalnie.<\/b><\/div><div>Podczas zabieg\u00f3w kierujemy si\u0119 kolejno\u015bci\u0105 wykonywania etap\u00f3w, a tak\u017ce nak\u0142adamy na brwi specjalistyczne preparaty, tak by Twoje brwi wygl\u0105da\u0142y na zdrowe, ale i takie te\u017c by\u0142y dzi\u0119ki wizycie w Naszym salonie.<\/div>\t\t\t\t\t\t<\/div>\n\t\t\t\t<\/div>\n\t\t\t\t<div class=\"elementor-element elementor-element-8b4f18a animated-slow elementor-invisible elementor-widget elementor-widget-image\" data-id=\"8b4f18a\" data-element_type=\"widget\" data-settings=\"{&quot;_animation&quot;:&quot;fadeIn&quot;,&quot;_animation_delay&quot;:100}\" data-widget_type=\"image.default\">\n\t\t\t\t<div class=\"elementor-widget-container\">\n\t\t\t<style>\/*! elementor - v3.9.2 - 21-12-2022 *\/\n.elementor-widget-image{text-align:center}.elementor-widget-image a{display:inline-block}.elementor-widget-image a img[src$=\".svg\"]{width:48px}.elementor-widget-image img{vertical-align:middle;display:inline-block}<\/style>\t\t\t\t\t\t\t\t\t\t\t\t<img loading=\"lazy\" decoding=\"async\" width=\"768\" height=\"658\" src=\"http:\/\/brevka.eu\/wp-content\/uploads\/2023\/03\/oferta_brevka_05b-768x658.jpg\" class=\"attachment-medium_large size-medium_large wp-image-785\" alt=\"\" srcset=\"http:\/\/brevka.eu\/wp-content\/uploads\/2023\/03\/oferta_brevka_05b-768x658.jpg 768w, http:\/\/brevka.eu\/wp-content\/uploads\/2023\/03\/oferta_brevka_05b-300x257.jpg 300w, http:\/\/brevka.eu\/wp-content\/uploads\/2023\/03\/oferta_brevka_05b-1024x878.jpg 1024w, http:\/\/brevka.eu\/wp-content\/uploads\/2023\/03\/oferta_brevka_05b.jpg 1400w\" sizes=\"auto, 100vw\" \/>\t\t\t\t\t\t\t\t\t\t\t\t\t\t\t<\/div>\n\t\t\t\t<\/div>\n\t\t\t\t\t<\/div>\n\t\t<\/div>\n\t\t\t\t\t\t\t<\/div>\n\t\t<\/section>\n\t\t\t\t<section class=\"elementor-section elementor-top-section elementor-element elementor-element-5c2a8ee elementor-section-boxed elementor-section-height-default elementor-section-height-default\" data-id=\"5c2a8ee\" data-element_type=\"section\">\n\t\t\t\t\t\t<div class=\"elementor-container elementor-column-gap-default\">\n\t\t\t\t\t<div class=\"elementor-column elementor-col-50 elementor-top-column elementor-element elementor-element-9512a1c\" data-id=\"9512a1c\" data-element_type=\"column\">\n\t\t\t<div class=\"elementor-widget-wrap elementor-element-populated\">\n\t\t\t\t\t\t\t\t<div class=\"elementor-element elementor-element-d341896 elementor-widget elementor-widget-text-editor\" data-id=\"d341896\" data-element_type=\"widget\" data-widget_type=\"text-editor.default\">\n\t\t\t\t<div class=\"elementor-widget-container\">\n\t\t\t\t\t\t\t<p><img loading=\"lazy\" decoding=\"async\" class=\"alignnone size-medium wp-image-643\" src=\"http:\/\/brevka.eu\/wp-content\/uploads\/2023\/02\/booksy_logo-300x59.png\" alt=\"\" width=\"300\" height=\"59\" srcset=\"http:\/\/brevka.eu\/wp-content\/uploads\/2023\/02\/booksy_logo-300x59.png 300w, http:\/\/brevka.eu\/wp-content\/uploads\/2023\/02\/booksy_logo.png 766w\" sizes=\"auto, (max-width: 300px) 100vw, 300px\" \/><\/p><p>Serdecznie zapraszam do skorzystania z systemu Booksy,<br \/>w kt\u00f3rym z \u0142atwo\u015bci\u0105 um\u00f3wisz wizyt\u0119 on-line. <b><br \/><\/b><\/p><p><b>Wybierz zabieg, ustal dogodny dzie\u0144, godzin\u0119 spotkania.<\/b><\/p>\t\t\t\t\t\t<\/div>\n\t\t\t\t<\/div>\n\t\t\t\t\t<\/div>\n\t\t<\/div>\n\t\t\t\t<div class=\"elementor-column elementor-col-50 elementor-top-column elementor-element elementor-element-fbbe20d\" data-id=\"fbbe20d\" data-element_type=\"column\">\n\t\t\t<div class=\"elementor-widget-wrap elementor-element-populated\">\n\t\t\t\t\t\t\t\t<div class=\"elementor-element elementor-element-215f6a5 elementor-widget elementor-widget-image\" data-id=\"215f6a5\" data-element_type=\"widget\" data-widget_type=\"image.default\">\n\t\t\t\t<div class=\"elementor-widget-container\">\n\t\t\t\t\t\t\t\t\t\t\t\t\t\t\t<img loading=\"lazy\" decoding=\"async\" width=\"270\" height=\"300\" src=\"http:\/\/brevka.eu\/wp-content\/uploads\/2023\/02\/brevka_telefon_booksy_01-270x300.jpg\" class=\"attachment-medium size-medium wp-image-632\" alt=\"\" srcset=\"http:\/\/brevka.eu\/wp-content\/uploads\/2023\/02\/brevka_telefon_booksy_01-270x300.jpg 270w, http:\/\/brevka.eu\/wp-content\/uploads\/2023\/02\/brevka_telefon_booksy_01.jpg 451w\" sizes=\"auto, 100vw\" \/>\t\t\t\t\t\t\t\t\t\t\t\t\t\t\t<\/div>\n\t\t\t\t<\/div>\n\t\t\t\t\t<\/div>\n\t\t<\/div>\n\t\t\t\t\t\t\t<\/div>\n\t\t<\/section>\n\t\t\t\t\t\t\t<\/div>\n\t\t","protected":false},"excerpt":{"rendered":"<p>Wybierz us\u0142ug\u0119 i zapoznaj si\u0119 z jej szczeg\u00f3\u0142ami: 1. Regulacja brwi 2. Regulacja brwi m\u0119skich 3. Stylizacji brwi farbk\u0105 4. Stylizacji brwi henn\u0105 pudrow\u0105 5. Laminacja brwi + BOTOX 6. Laminacja brwi + koloryzacja + botox 7. BROW SPA &#8211; !!! NOWO\u015a\u0106 !!! 8. Laminacja rz\u0119s z botoxem 9. Stylizacja brody Brevka to salon, kt\u00f3ry &hellip; <\/p>\n<p class=\"link-more\"><a href=\"http:\/\/brevka.eu\/index.php\/uslugi\/\" class=\"more-link\">Read more<span class=\"screen-reader-text\"> &#8222;Us\u0142ugi&#8221;<\/span><\/a><\/p>\n","protected":false},"author":1,"featured_media":1029,"parent":0,"menu_order":0,"comment_status":"closed","ping_status":"closed","template":"","meta":{"footnotes":""},"class_list":["post-75","page","type-page","status-publish","has-post-thumbnail","hentry"],"_links":{"self":[{"href":"http:\/\/brevka.eu\/index.php\/wp-json\/wp\/v2\/pages\/75","targetHints":{"allow":["GET"]}}],"collection":[{"href":"http:\/\/brevka.eu\/index.php\/wp-json\/wp\/v2\/pages"}],"about":[{"href":"http:\/\/brevka.eu\/index.php\/wp-json\/wp\/v2\/types\/page"}],"author":[{"embeddable":true,"href":"http:\/\/brevka.eu\/index.php\/wp-json\/wp\/v2\/users\/1"}],"replies":[{"embeddable":true,"href":"http:\/\/brevka.eu\/index.php\/wp-json\/wp\/v2\/comments?post=75"}],"version-history":[{"count":262,"href":"http:\/\/brevka.eu\/index.php\/wp-json\/wp\/v2\/pages\/75\/revisions"}],"predecessor-version":[{"id":1198,"href":"http:\/\/brevka.eu\/index.php\/wp-json\/wp\/v2\/pages\/75\/revisions\/1198"}],"wp:featuredmedia":[{"embeddable":true,"href":"http:\/\/brevka.eu\/index.php\/wp-json\/wp\/v2\/media\/1029"}],"wp:attachment":[{"href":"http:\/\/brevka.eu\/index.php\/wp-json\/wp\/v2\/media?parent=75"}],"curies":[{"name":"wp","href":"https:\/\/api.w.org\/{rel}","templated":true}]}}